{"id":1300,"date":"2025-12-05T09:01:19","date_gmt":"2025-12-05T08:01:19","guid":{"rendered":"https:\/\/staging.schuler-medical.zwei14.website\/contact\/"},"modified":"2026-04-07T09:53:26","modified_gmt":"2026-04-07T07:53:26","slug":"contact","status":"publish","type":"page","link":"https:\/\/www.schulermedical.com\/en\/contact\/","title":{"rendered":"Contact"},"content":{"rendered":"\t\t<div data-elementor-type=\"wp-page\" data-elementor-id=\"1300\" class=\"elementor elementor-1300 elementor-27\" data-elementor-post-type=\"page\">\n\t\t\t\t<div class=\"elementor-element elementor-element-d98f61c hero e-flex e-con-boxed e-con e-parent\" data-id=\"d98f61c\" data-element_type=\"container\" data-e-type=\"container\" data-settings=\"{&quot;background_background&quot;:&quot;classic&quot;}\">\n\t\t\t\t\t<div class=\"e-con-inner\">\n\t\t<div class=\"elementor-element elementor-element-f1efda3 e-con-full mobile-hero e-flex e-con e-child\" data-id=\"f1efda3\" data-element_type=\"container\" data-e-type=\"container\" data-settings=\"{&quot;background_background&quot;:&quot;classic&quot;}\">\n\t\t\t\t<\/div>\n\t\t<div class=\"elementor-element elementor-element-7989dbb e-con-full mobile-blue-font e-flex e-con e-child\" data-id=\"7989dbb\" data-element_type=\"container\" data-e-type=\"container\">\n\t\t\t\t<div class=\"elementor-element elementor-element-a7bff80 elementor-widget elementor-widget-heading\" data-id=\"a7bff80\" data-element_type=\"widget\" data-e-type=\"widget\" data-widget_type=\"heading.default\">\n\t\t\t\t\t<h1 class=\"elementor-heading-title elementor-size-default\">Your contact for implant manufacturing<\/h1>\t\t\t\t<\/div>\n\t\t\t\t<div class=\"elementor-element elementor-element-e201bc7 no-bottom-margin elementor-widget elementor-widget-text-editor\" data-id=\"e201bc7\" data-element_type=\"widget\" data-e-type=\"widget\" data-widget_type=\"text-editor.default\">\n\t\t\t\t\t\t\t\t\t<p>Our team is here to discuss your manufacturing needs<\/p>\t\t\t\t\t\t\t\t<\/div>\n\t\t\t\t<\/div>\n\t\t\t\t\t<\/div>\n\t\t\t\t<\/div>\n\t\t<div class=\"elementor-element elementor-element-5ec9a42 e-flex e-con-boxed e-con e-parent\" data-id=\"5ec9a42\" data-element_type=\"container\" data-e-type=\"container\">\n\t\t\t\t\t<div class=\"e-con-inner\">\n\t\t<div class=\"elementor-element elementor-element-dcc52e7 e-con-full e-flex e-con e-child\" data-id=\"dcc52e7\" data-element_type=\"container\" data-e-type=\"container\">\n\t\t\t\t<div class=\"elementor-element elementor-element-714103e elementor-widget elementor-widget-heading\" data-id=\"714103e\" data-element_type=\"widget\" data-e-type=\"widget\" data-widget_type=\"heading.default\">\n\t\t\t\t\t<p class=\"elementor-heading-title elementor-size-default\">Contact<\/p>\t\t\t\t<\/div>\n\t\t\t\t<div class=\"elementor-element elementor-element-bdfb472 elementor-widget elementor-widget-heading\" data-id=\"bdfb472\" data-element_type=\"widget\" data-e-type=\"widget\" data-widget_type=\"heading.default\">\n\t\t\t\t\t<p class=\"elementor-heading-title elementor-size-default\">Germany<\/p>\t\t\t\t<\/div>\n\t\t\t\t<div class=\"elementor-element elementor-element-60d8559 elementor-widget elementor-widget-text-editor\" data-id=\"60d8559\" data-element_type=\"widget\" data-e-type=\"widget\" data-widget_type=\"text-editor.default\">\n\t\t\t\t\t\t\t\t\t<p>Schuler Medical<br>a division of <strong>Schuler Pr\u00e4zisionstechnik KG<\/strong><\/p><p>Am Forchenwald 7<br>D-78559 Gosheim<\/p><p>Tel: +49 7426 5283 &#8211; 0<\/p>\t\t\t\t\t\t\t\t<\/div>\n\t\t\t\t<div class=\"elementor-element elementor-element-8a92e83 elementor-widget elementor-widget-heading\" data-id=\"8a92e83\" data-element_type=\"widget\" data-e-type=\"widget\" data-widget_type=\"heading.default\">\n\t\t\t\t\t<p class=\"elementor-heading-title elementor-size-default\">Switzerland<\/p>\t\t\t\t<\/div>\n\t\t\t\t<div class=\"elementor-element elementor-element-a25982a elementor-widget elementor-widget-text-editor\" data-id=\"a25982a\" data-element_type=\"widget\" data-e-type=\"widget\" data-widget_type=\"text-editor.default\">\n\t\t\t\t\t\t\t\t\t<p>Schuler Medical<br>a division of <strong>Schuler Pr\u00e4zisionstechnik AG<\/strong><\/p><p>Badenerstra\u00dfe 549<br>CH-8048 Z\u00fcrich<\/p><p>Tel: +41 43 210 9634<\/p>\t\t\t\t\t\t\t\t<\/div>\n\t\t\t\t<\/div>\n\t\t<div class=\"elementor-element elementor-element-a487fc8 e-con-full e-flex e-con e-child\" data-id=\"a487fc8\" data-element_type=\"container\" data-e-type=\"container\" data-settings=\"{&quot;background_background&quot;:&quot;classic&quot;}\">\n\t\t\t\t<div class=\"elementor-element elementor-element-37a36d3 elementor-widget elementor-widget-html\" data-id=\"37a36d3\" data-element_type=\"widget\" data-e-type=\"widget\" data-widget_type=\"html.default\">\n\t\t\t\t\t<div class=\"map-container\" style=\"width: 100%; height: 100%;\">\r\n    <div class=\"consent-box\" style=\"position: absolute;top: 50%;left: 50%;transform: translate(-50%, -50%);text-align: center; display: flex; flex-wrap: wrap; justify-content: center;\">\r\n        <span>By loading the map, you accept <a href=\"https:\/\/policies.google.com\/privacy?hl=de&amp;gl=de\" target=\"_blank\" title=\"Google's privacy policy\" style=\"color:inherit;text-decoration:underline;\">Google's privacy policy.<\/a><\/span>\r\n<button id=\"map-trigger\" style=\"padding: 12px 24px; margin: 10px 0; cursor: pointer; background: #0055F0;border: none;color: white;border-radius: 50px;\">Load map<\/button>\r\n    <\/div>\r\n    \r\n    <iframe src=\"\" width=\"100%\" height=\"100%\" style=\"border:0;\" allowfullscreen=\"\" loading=\"lazy\" referrerpolicy=\"no-referrer-when-downgrade\"><\/iframe>\r\n    <script>\r\n        const mapLink = 'https:\/\/www.google.com\/maps\/embed?pb=!1m18!1m12!1m3!1d2662.061220433768!2d8.759129512796642!3d48.14762495034053!2m3!1f0!2f0!3f0!3m2!1i1024!2i768!4f13.1!3m3!1m2!1s0x4790a74c6447a287%3A0xd835af977611b38d!2sAm%20Forchenwald%207%2C%2078559%20Gosheim!5e0!3m2!1sde!2sde!4v1768379272340!5m2!1sde!2sde';\r\n        const mapTrigger = document.querySelector('#map-trigger');\r\n        mapTrigger.addEventListener('click', function() {\r\n            document.querySelector('iframe').src = mapLink;\r\n            document.querySelector('.consent-box').style.display = 'none';\r\n        });\r\n    <\/script>\r\n    <script data-consent=\"external\" data-consent-id=\"xerfefxrgc\" type=\"text\/plain\">\r\n        document.querySelector('iframe').src = mapLink;\r\n        document.querySelector('.consent-box').style.display = 'none';\r\n    <\/script>\r\n<\/div>\r\n\t\t\t\t<\/div>\n\t\t\t\t<\/div>\n\t\t\t\t\t<\/div>\n\t\t\t\t<\/div>\n\t\t<div class=\"elementor-element elementor-element-3f19612 e-flex e-con-boxed e-con e-parent\" data-id=\"3f19612\" data-element_type=\"container\" data-e-type=\"container\" data-settings=\"{&quot;background_background&quot;:&quot;classic&quot;}\">\n\t\t\t\t\t<div class=\"e-con-inner\">\n\t\t<div class=\"elementor-element elementor-element-d9d518b e-con-full e-flex e-con e-child\" data-id=\"d9d518b\" data-element_type=\"container\" data-e-type=\"container\">\n\t\t\t\t<div class=\"elementor-element elementor-element-fb64803 elementor-widget elementor-widget-heading\" data-id=\"fb64803\" data-element_type=\"widget\" data-e-type=\"widget\" data-widget_type=\"heading.default\">\n\t\t\t\t\t<h2 class=\"elementor-heading-title elementor-size-default\">Do you have any questions? <br>Here you will find your answer<\/h2>\t\t\t\t<\/div>\n\t\t\t\t<\/div>\n\t\t<div class=\"elementor-element elementor-element-d40b2ba e-con-full e-flex e-con e-child\" data-id=\"d40b2ba\" data-element_type=\"container\" data-e-type=\"container\">\n\t\t\t\t<div class=\"elementor-element elementor-element-01b056a elementor-button-align-end elementor-widget elementor-widget-form\" data-id=\"01b056a\" data-element_type=\"widget\" data-e-type=\"widget\" data-settings=\"{&quot;step_next_label&quot;:&quot;Next&quot;,&quot;step_previous_label&quot;:&quot;Previous&quot;,&quot;step_type&quot;:&quot;number_text&quot;,&quot;step_icon_shape&quot;:&quot;circle&quot;}\" data-widget_type=\"form.default\">\n\t\t\t\t\t\t\t<form class=\"elementor-form\" method=\"post\" id=\"contactform\" name=\"Contact form\" aria-label=\"Contact form\">\n\t\t\t<input type=\"hidden\" name=\"post_id\" value=\"1300\"\/>\n\t\t\t<input type=\"hidden\" name=\"form_id\" value=\"01b056a\"\/>\n\t\t\t<input type=\"hidden\" name=\"referer_title\" value=\"Contact - Schuler Medical\" \/>\n\n\t\t\t\t\t\t\t<input type=\"hidden\" name=\"queried_id\" value=\"1300\"\/>\n\t\t\t\n\t\t\t<div class=\"elementor-form-fields-wrapper elementor-labels-above\">\n\t\t\t\t\t\t\t\t<div class=\"elementor-field-type-text elementor-field-group elementor-column elementor-field-group-company elementor-col-50\">\n\t\t\t\t\t\t\t\t\t\t\t\t<label for=\"form-field-company\" class=\"elementor-field-label\">\n\t\t\t\t\t\t\t\tCompany\t\t\t\t\t\t\t<\/label>\n\t\t\t\t\t\t\t\t\t\t\t\t\t\t<input size=\"1\" type=\"text\" name=\"form_fields[company]\" id=\"form-field-company\" class=\"elementor-field elementor-size-sm  elementor-field-textual\">\n\t\t\t\t\t\t\t\t\t\t\t<\/div>\n\t\t\t\t\t\t\t\t<div class=\"elementor-field-type-select elementor-field-group elementor-column elementor-field-group-salutation elementor-col-50 elementor-field-required elementor-mark-required\">\n\t\t\t\t\t\t\t\t\t\t\t\t<label for=\"form-field-salutation\" class=\"elementor-field-label\">\n\t\t\t\t\t\t\t\tSalutation\t\t\t\t\t\t\t<\/label>\n\t\t\t\t\t\t\t\t<div class=\"elementor-field elementor-select-wrapper remove-before \">\n\t\t\t<div class=\"select-caret-down-wrapper\">\n\t\t\t\t<svg aria-hidden=\"true\" class=\"e-font-icon-svg e-eicon-caret-down\" viewBox=\"0 0 571.4 571.4\" xmlns=\"http:\/\/www.w3.org\/2000\/svg\"><path d=\"M571 393Q571 407 561 418L311 668Q300 679 286 679T261 668L11 418Q0 407 0 393T11 368 36 357H536Q550 357 561 368T571 393Z\"><\/path><\/svg>\t\t\t<\/div>\n\t\t\t<select name=\"form_fields[salutation]\" id=\"form-field-salutation\" class=\"elementor-field-textual elementor-size-sm\" required=\"required\">\n\t\t\t\t\t\t\t\t\t<option value=\"\">Please select<\/option>\n\t\t\t\t\t\t\t\t\t<option value=\"Mr.\">Mr.<\/option>\n\t\t\t\t\t\t\t\t\t<option value=\"Ms.\">Ms.<\/option>\n\t\t\t\t\t\t\t\t\t<option value=\"Diverse\">Diverse<\/option>\n\t\t\t\t\t\t\t<\/select>\n\t\t<\/div>\n\t\t\t\t\t\t<\/div>\n\t\t\t\t\t\t\t\t<div class=\"elementor-field-type-text elementor-field-group elementor-column elementor-field-group-prename elementor-col-50 elementor-field-required elementor-mark-required\">\n\t\t\t\t\t\t\t\t\t\t\t\t<label for=\"form-field-prename\" class=\"elementor-field-label\">\n\t\t\t\t\t\t\t\tFirst Name\t\t\t\t\t\t\t<\/label>\n\t\t\t\t\t\t\t\t\t\t\t\t\t\t<input size=\"1\" type=\"text\" name=\"form_fields[prename]\" id=\"form-field-prename\" class=\"elementor-field elementor-size-sm  elementor-field-textual\" required=\"required\">\n\t\t\t\t\t\t\t\t\t\t\t<\/div>\n\t\t\t\t\t\t\t\t<div class=\"elementor-field-type-text elementor-field-group elementor-column elementor-field-group-lastname elementor-col-50 elementor-field-required elementor-mark-required\">\n\t\t\t\t\t\t\t\t\t\t\t\t<label for=\"form-field-lastname\" class=\"elementor-field-label\">\n\t\t\t\t\t\t\t\tLast Name\t\t\t\t\t\t\t<\/label>\n\t\t\t\t\t\t\t\t\t\t\t\t\t\t<input size=\"1\" type=\"text\" name=\"form_fields[lastname]\" id=\"form-field-lastname\" class=\"elementor-field elementor-size-sm  elementor-field-textual\" required=\"required\">\n\t\t\t\t\t\t\t\t\t\t\t<\/div>\n\t\t\t\t\t\t\t\t<div class=\"elementor-field-type-tel elementor-field-group elementor-column elementor-field-group-phone elementor-col-50 elementor-field-required elementor-mark-required\">\n\t\t\t\t\t\t\t\t\t\t\t\t<label for=\"form-field-phone\" class=\"elementor-field-label\">\n\t\t\t\t\t\t\t\tPhone\t\t\t\t\t\t\t<\/label>\n\t\t\t\t\t\t\t\t<input size=\"1\" type=\"tel\" name=\"form_fields[phone]\" id=\"form-field-phone\" class=\"elementor-field elementor-size-sm  elementor-field-textual\" required=\"required\" pattern=\"[0-9()#&amp;+*-=.]+\" title=\"Only numbers and phone characters (#, -, *, etc) are accepted.\">\n\n\t\t\t\t\t\t<\/div>\n\t\t\t\t\t\t\t\t<div class=\"elementor-field-type-email elementor-field-group elementor-column elementor-field-group-email elementor-col-50 elementor-field-required elementor-mark-required\">\n\t\t\t\t\t\t\t\t\t\t\t\t<label for=\"form-field-email\" class=\"elementor-field-label\">\n\t\t\t\t\t\t\t\tEmail\t\t\t\t\t\t\t<\/label>\n\t\t\t\t\t\t\t\t\t\t\t\t\t\t<input size=\"1\" type=\"email\" name=\"form_fields[email]\" id=\"form-field-email\" class=\"elementor-field elementor-size-sm  elementor-field-textual\" required=\"required\">\n\t\t\t\t\t\t\t\t\t\t\t<\/div>\n\t\t\t\t\t\t\t\t<div class=\"elementor-field-type-select elementor-field-group elementor-column elementor-field-group-request elementor-col-100 elementor-field-required elementor-mark-required\">\n\t\t\t\t\t\t\t\t\t\t\t\t<label for=\"form-field-request\" class=\"elementor-field-label\">\n\t\t\t\t\t\t\t\tYour inquiry\t\t\t\t\t\t\t<\/label>\n\t\t\t\t\t\t\t\t<div class=\"elementor-field elementor-select-wrapper remove-before \">\n\t\t\t<div class=\"select-caret-down-wrapper\">\n\t\t\t\t<svg aria-hidden=\"true\" class=\"e-font-icon-svg e-eicon-caret-down\" viewBox=\"0 0 571.4 571.4\" xmlns=\"http:\/\/www.w3.org\/2000\/svg\"><path d=\"M571 393Q571 407 561 418L311 668Q300 679 286 679T261 668L11 418Q0 407 0 393T11 368 36 357H536Q550 357 561 368T571 393Z\"><\/path><\/svg>\t\t\t<\/div>\n\t\t\t<select name=\"form_fields[request]\" id=\"form-field-request\" class=\"elementor-field-textual elementor-size-sm\" required=\"required\">\n\t\t\t\t\t\t\t\t\t<option value=\"\">Please select<\/option>\n\t\t\t\t\t\t\t\t\t<option value=\"Sales\">Sales<\/option>\n\t\t\t\t\t\t\t\t\t<option value=\"Human\">Human<\/option>\n\t\t\t\t\t\t\t\t\t<option value=\"Other\">Other<\/option>\n\t\t\t\t\t\t\t<\/select>\n\t\t<\/div>\n\t\t\t\t\t\t<\/div>\n\t\t\t\t\t\t\t\t<div class=\"elementor-field-type-textarea elementor-field-group elementor-column elementor-field-group-message elementor-col-100 elementor-field-required elementor-mark-required\">\n\t\t\t\t\t\t\t\t\t\t\t\t<label for=\"form-field-message\" class=\"elementor-field-label\">\n\t\t\t\t\t\t\t\tMessage\t\t\t\t\t\t\t<\/label>\n\t\t\t\t\t\t<textarea class=\"elementor-field-textual elementor-field  elementor-size-sm\" name=\"form_fields[message]\" id=\"form-field-message\" rows=\"4\" required=\"required\"><\/textarea>\t\t\t\t<\/div>\n\t\t\t\t\t\t\t\t<div class=\"elementor-field-type-acceptance elementor-field-group elementor-column elementor-field-group-acceptance elementor-col-100\">\n\t\t\t\t\t\t\t<div class=\"elementor-field-subgroup\">\n\t\t\t<span class=\"elementor-field-option\">\n\t\t\t\t<input type=\"checkbox\" name=\"form_fields[acceptance]\" id=\"form-field-acceptance\" class=\"elementor-field elementor-size-sm  elementor-acceptance-field\">\n\t\t\t\t<label for=\"form-field-acceptance\">I have read the <a href=\"https:\/\/www.schulermedical.com\/en\/privacy-policy\/\" target=\"_blank\" title=\"Our privacy policy\">privacy policy<\/a>.<\/label>\t\t\t<\/span>\n\t\t<\/div>\n\t\t\t\t\t\t<\/div>\n\t\t\t\t\t\t\t\t<div class=\"elementor-field-type-altcha elementor-field-group elementor-column elementor-field-group-altcha elementor-col-100\">\n\t\t\t\t\t<div style=\"flex-basis:100%\"><altcha-widget challengeurl=\"https:\/\/www.schulermedical.com\/en\/wp-json\/altcha\/v1\/challenge?params.plugin=elementor-pro&amp;params.form_id=01b056a\" customfetch=\"altchaCustomFetch\"><\/altcha-widget><noscript><div class=\"altcha-no-javascript\">This page requires JavaScript!<\/div><\/noscript><\/div><input type=\"hidden\" name=\"form_fields[altcha]\" id=\"form-field-altcha\" class=\"elementor-field elementor-size-sm \">\t\t\t\t<\/div>\n\t\t\t\t\t\t\t\t<div class=\"elementor-field-group elementor-column elementor-field-type-submit elementor-col-100 e-form__buttons\">\n\t\t\t\t\t<button class=\"elementor-button elementor-size-sm\" type=\"submit\">\n\t\t\t\t\t\t<span class=\"elementor-button-content-wrapper\">\n\t\t\t\t\t\t\t\t\t\t\t\t\t\t\t\t\t\t\t\t\t\t<span class=\"elementor-button-text\">Submit<\/span>\n\t\t\t\t\t\t\t\t\t\t\t\t\t<\/span>\n\t\t\t\t\t<\/button>\n\t\t\t\t<\/div>\n\t\t\t<\/div>\n\t\t<\/form>\n\t\t\t\t\t\t<\/div>\n\t\t\t\t<\/div>\n\t\t\t\t\t<\/div>\n\t\t\t\t<\/div>\n\t\t<div class=\"elementor-element elementor-element-34e3d7e elementor-hidden-desktop elementor-hidden-tablet elementor-hidden-mobile e-flex e-con-boxed e-con e-parent\" data-id=\"34e3d7e\" data-element_type=\"container\" data-e-type=\"container\">\n\t\t\t\t\t<div class=\"e-con-inner\">\n\t\t\t\t<div class=\"elementor-element elementor-element-122c0b9 elementor-widget__width-initial elementor-widget elementor-widget-text-editor\" data-id=\"122c0b9\" data-element_type=\"widget\" data-e-type=\"widget\" data-widget_type=\"text-editor.default\">\n\t\t\t\t\t\t\t\t\t<p>How to bring implants to market faster with outsourcing:<br><strong>Radically reduce time-to-market now.<\/strong><\/p>\t\t\t\t\t\t\t\t<\/div>\n\t\t\t\t<div class=\"elementor-element elementor-element-697b649 elementor-align-center animated-slow elementor-invisible elementor-widget elementor-widget-button\" data-id=\"697b649\" data-element_type=\"widget\" data-e-type=\"widget\" data-settings=\"{&quot;_animation&quot;:&quot;fadeInUp&quot;}\" data-widget_type=\"button.default\">\n\t\t\t\t\t\t\t\t\t\t<a class=\"elementor-button elementor-button-link elementor-size-sm\" href=\"#\">\n\t\t\t\t\t\t<span class=\"elementor-button-content-wrapper\">\n\t\t\t\t\t\t<span class=\"elementor-button-icon\">\n\t\t\t\t<svg xmlns=\"http:\/\/www.w3.org\/2000\/svg\" class=\"arrow-white-small\" width=\"23\" height=\"22\" viewBox=\"0 0 23 22\" fill=\"none\"><path d=\"M0.566223 0.76001H21.5336V21.4228\" stroke=\"white\" stroke-width=\"1.52\"><\/path><path d=\"M0.533447 21.4228L21.5008 0.76001\" stroke=\"white\" stroke-width=\"1.52\"><\/path><\/svg>\t\t\t<\/span>\n\t\t\t\t\t\t\t\t\t<span class=\"elementor-button-text\">Request whitepaper<\/span>\n\t\t\t\t\t<\/span>\n\t\t\t\t\t<\/a>\n\t\t\t\t\t\t\t\t<\/div>\n\t\t\t\t\t<\/div>\n\t\t\t\t<\/div>\n\t\t\t\t<\/div>\n\t\t","protected":false},"excerpt":{"rendered":"<p>Your contact for implant manufacturing Our team is here to discuss your manufacturing needs Contact Germany Schuler Medicala division of Schuler Pr\u00e4zisionstechnik KG Am Forchenwald 7D-78559 Gosheim Tel: +49 7426 5283 &#8211; 0 Switzerland Schuler Medicala division of Schuler Pr\u00e4zisionstechnik AG Badenerstra\u00dfe 549CH-8048 Z\u00fcrich Tel: +41 43 210 9634 By loading the map, you accept [&hellip;]<\/p>\n","protected":false},"author":1,"featured_media":0,"parent":0,"menu_order":600,"comment_status":"closed","ping_status":"closed","template":"","meta":{"footnotes":""},"class_list":["post-1300","page","type-page","status-publish","hentry"],"yoast_head":"<!-- This site is optimized with the Yoast SEO plugin v27.3 - https:\/\/yoast.com\/product\/yoast-seo-wordpress\/ -->\n<title>Contact - Schuler Medical<\/title>\n<meta name=\"description\" content=\"Kontaktieren Sie Schuler Medical in Deutschland oder der Schweiz. Unser Team unterst\u00fctzt Sie bei Ihren Fertigungsthemen rund um Implantate und Medizintechnik.\" \/>\n<meta name=\"robots\" content=\"index, follow, max-snippet:-1, max-image-preview:large, max-video-preview:-1\" \/>\n<link rel=\"canonical\" href=\"https:\/\/www.schulermedical.com\/en\/contact\/\" \/>\n<meta property=\"og:locale\" content=\"en_GB\" \/>\n<meta property=\"og:type\" content=\"article\" \/>\n<meta property=\"og:title\" content=\"Contact - Schuler Medical\" \/>\n<meta property=\"og:description\" content=\"Kontaktieren Sie Schuler Medical in Deutschland oder der Schweiz. Unser Team unterst\u00fctzt Sie bei Ihren Fertigungsthemen rund um Implantate und Medizintechnik.\" \/>\n<meta property=\"og:url\" content=\"https:\/\/www.schulermedical.com\/en\/contact\/\" \/>\n<meta property=\"og:site_name\" content=\"Schuler Medical\" \/>\n<meta property=\"article:modified_time\" content=\"2026-04-07T07:53:26+00:00\" \/>\n<meta property=\"og:image\" content=\"https:\/\/www.schulermedical.de\/app\/uploads\/social_media_schuler-1024x576.jpg\" \/>\n<meta name=\"twitter:card\" content=\"summary_large_image\" \/>\n<meta name=\"twitter:label1\" content=\"Est. reading time\" \/>\n\t<meta name=\"twitter:data1\" content=\"1 minute\" \/>\n<script type=\"application\/ld+json\" class=\"yoast-schema-graph\">{\"@context\":\"https:\\\/\\\/schema.org\",\"@graph\":[{\"@type\":\"WebPage\",\"@id\":\"https:\\\/\\\/www.schulermedical.com\\\/en\\\/contact\\\/\",\"url\":\"https:\\\/\\\/www.schulermedical.com\\\/en\\\/contact\\\/\",\"name\":\"Contact - Schuler Medical\",\"isPartOf\":{\"@id\":\"https:\\\/\\\/www.schulermedical.com\\\/#website\"},\"datePublished\":\"2025-12-05T08:01:19+00:00\",\"dateModified\":\"2026-04-07T07:53:26+00:00\",\"description\":\"Kontaktieren Sie Schuler Medical in Deutschland oder der Schweiz. Unser Team unterst\u00fctzt Sie bei Ihren Fertigungsthemen rund um Implantate und Medizintechnik.\",\"breadcrumb\":{\"@id\":\"https:\\\/\\\/www.schulermedical.com\\\/en\\\/contact\\\/#breadcrumb\"},\"inLanguage\":\"en-GB\",\"potentialAction\":[{\"@type\":\"ReadAction\",\"target\":[\"https:\\\/\\\/www.schulermedical.com\\\/en\\\/contact\\\/\"]}]},{\"@type\":\"BreadcrumbList\",\"@id\":\"https:\\\/\\\/www.schulermedical.com\\\/en\\\/contact\\\/#breadcrumb\",\"itemListElement\":[{\"@type\":\"ListItem\",\"position\":1,\"name\":\"Home\",\"item\":\"https:\\\/\\\/www.schulermedical.com\\\/en\\\/\"},{\"@type\":\"ListItem\",\"position\":2,\"name\":\"Contact\"}]},{\"@type\":\"WebSite\",\"@id\":\"https:\\\/\\\/www.schulermedical.com\\\/#website\",\"url\":\"https:\\\/\\\/www.schulermedical.com\\\/\",\"name\":\"Schuler Medical\",\"description\":\"\",\"publisher\":{\"@id\":\"https:\\\/\\\/www.schulermedical.com\\\/#organization\"},\"potentialAction\":[{\"@type\":\"SearchAction\",\"target\":{\"@type\":\"EntryPoint\",\"urlTemplate\":\"https:\\\/\\\/www.schulermedical.com\\\/?s={search_term_string}\"},\"query-input\":{\"@type\":\"PropertyValueSpecification\",\"valueRequired\":true,\"valueName\":\"search_term_string\"}}],\"inLanguage\":\"en-GB\"},{\"@type\":\"Organization\",\"@id\":\"https:\\\/\\\/www.schulermedical.com\\\/#organization\",\"name\":\"Schuler Medical\",\"url\":\"https:\\\/\\\/www.schulermedical.com\\\/\",\"logo\":{\"@type\":\"ImageObject\",\"inLanguage\":\"en-GB\",\"@id\":\"https:\\\/\\\/www.schulermedical.com\\\/#\\\/schema\\\/logo\\\/image\\\/\",\"url\":\"https:\\\/\\\/www.schulermedical.com\\\/app\\\/uploads\\\/Schuler_Logo.svg\",\"contentUrl\":\"https:\\\/\\\/www.schulermedical.com\\\/app\\\/uploads\\\/Schuler_Logo.svg\",\"width\":166,\"height\":49,\"caption\":\"Schuler Medical\"},\"image\":{\"@id\":\"https:\\\/\\\/www.schulermedical.com\\\/#\\\/schema\\\/logo\\\/image\\\/\"},\"sameAs\":[\"https:\\\/\\\/www.linkedin.com\\\/showcase\\\/schulermedical\\\/about\"]}]}<\/script>\n<!-- \/ Yoast SEO plugin. -->","yoast_head_json":{"title":"Contact - Schuler Medical","description":"Kontaktieren Sie Schuler Medical in Deutschland oder der Schweiz. Unser Team unterst\u00fctzt Sie bei Ihren Fertigungsthemen rund um Implantate und Medizintechnik.","robots":{"index":"index","follow":"follow","max-snippet":"max-snippet:-1","max-image-preview":"max-image-preview:large","max-video-preview":"max-video-preview:-1"},"canonical":"https:\/\/www.schulermedical.com\/en\/contact\/","og_locale":"en_GB","og_type":"article","og_title":"Contact - Schuler Medical","og_description":"Kontaktieren Sie Schuler Medical in Deutschland oder der Schweiz. Unser Team unterst\u00fctzt Sie bei Ihren Fertigungsthemen rund um Implantate und Medizintechnik.","og_url":"https:\/\/www.schulermedical.com\/en\/contact\/","og_site_name":"Schuler Medical","article_modified_time":"2026-04-07T07:53:26+00:00","og_image":[{"url":"https:\/\/www.schulermedical.de\/app\/uploads\/social_media_schuler-1024x576.jpg","type":"","width":"","height":""}],"twitter_card":"summary_large_image","twitter_misc":{"Est. reading time":"1 minute"},"schema":{"@context":"https:\/\/schema.org","@graph":[{"@type":"WebPage","@id":"https:\/\/www.schulermedical.com\/en\/contact\/","url":"https:\/\/www.schulermedical.com\/en\/contact\/","name":"Contact - Schuler Medical","isPartOf":{"@id":"https:\/\/www.schulermedical.com\/#website"},"datePublished":"2025-12-05T08:01:19+00:00","dateModified":"2026-04-07T07:53:26+00:00","description":"Kontaktieren Sie Schuler Medical in Deutschland oder der Schweiz. Unser Team unterst\u00fctzt Sie bei Ihren Fertigungsthemen rund um Implantate und Medizintechnik.","breadcrumb":{"@id":"https:\/\/www.schulermedical.com\/en\/contact\/#breadcrumb"},"inLanguage":"en-GB","potentialAction":[{"@type":"ReadAction","target":["https:\/\/www.schulermedical.com\/en\/contact\/"]}]},{"@type":"BreadcrumbList","@id":"https:\/\/www.schulermedical.com\/en\/contact\/#breadcrumb","itemListElement":[{"@type":"ListItem","position":1,"name":"Home","item":"https:\/\/www.schulermedical.com\/en\/"},{"@type":"ListItem","position":2,"name":"Contact"}]},{"@type":"WebSite","@id":"https:\/\/www.schulermedical.com\/#website","url":"https:\/\/www.schulermedical.com\/","name":"Schuler Medical","description":"","publisher":{"@id":"https:\/\/www.schulermedical.com\/#organization"},"potentialAction":[{"@type":"SearchAction","target":{"@type":"EntryPoint","urlTemplate":"https:\/\/www.schulermedical.com\/?s={search_term_string}"},"query-input":{"@type":"PropertyValueSpecification","valueRequired":true,"valueName":"search_term_string"}}],"inLanguage":"en-GB"},{"@type":"Organization","@id":"https:\/\/www.schulermedical.com\/#organization","name":"Schuler Medical","url":"https:\/\/www.schulermedical.com\/","logo":{"@type":"ImageObject","inLanguage":"en-GB","@id":"https:\/\/www.schulermedical.com\/#\/schema\/logo\/image\/","url":"https:\/\/www.schulermedical.com\/app\/uploads\/Schuler_Logo.svg","contentUrl":"https:\/\/www.schulermedical.com\/app\/uploads\/Schuler_Logo.svg","width":166,"height":49,"caption":"Schuler Medical"},"image":{"@id":"https:\/\/www.schulermedical.com\/#\/schema\/logo\/image\/"},"sameAs":["https:\/\/www.linkedin.com\/showcase\/schulermedical\/about"]}]}},"_links":{"self":[{"href":"https:\/\/www.schulermedical.com\/en\/wp-json\/wp\/v2\/pages\/1300","targetHints":{"allow":["GET"]}}],"collection":[{"href":"https:\/\/www.schulermedical.com\/en\/wp-json\/wp\/v2\/pages"}],"about":[{"href":"https:\/\/www.schulermedical.com\/en\/wp-json\/wp\/v2\/types\/page"}],"author":[{"embeddable":true,"href":"https:\/\/www.schulermedical.com\/en\/wp-json\/wp\/v2\/users\/1"}],"replies":[{"embeddable":true,"href":"https:\/\/www.schulermedical.com\/en\/wp-json\/wp\/v2\/comments?post=1300"}],"version-history":[{"count":24,"href":"https:\/\/www.schulermedical.com\/en\/wp-json\/wp\/v2\/pages\/1300\/revisions"}],"predecessor-version":[{"id":2122,"href":"https:\/\/www.schulermedical.com\/en\/wp-json\/wp\/v2\/pages\/1300\/revisions\/2122"}],"wp:attachment":[{"href":"https:\/\/www.schulermedical.com\/en\/wp-json\/wp\/v2\/media?parent=1300"}],"curies":[{"name":"wp","href":"https:\/\/api.w.org\/{rel}","templated":true}]}}